{"id":50,"date":"2011-06-01T06:39:28","date_gmt":"2011-06-01T04:39:28","guid":{"rendered":"http:\/\/rainerlanghans.de\/?page_id=50"},"modified":"2011-06-06T09:58:20","modified_gmt":"2011-06-06T07:58:20","slug":"share","status":"publish","type":"page","link":"http:\/\/rainerlanghans.de\/?page_id=50","title":{"rendered":"Share"},"content":{"rendered":"<p>kostenlose Downloads f\u00fcr den privaten Gebrauch. Ver\u00f6ffentlichungen bed\u00fcrfen der schriftlichen Zustimmung von Rainer Langhans.<\/p>\n<h3>Texte<\/h3>\n<p><a href=\"http:\/\/rainerlanghans.de\/wp-content\/uploads\/2008\/07\/ich_bins_online.pdf\" target=\"_blank\"><strong> <\/strong><\/a><\/p>\n<ul>\n<li><a href=\"http:\/\/rainerlanghans.de\/wp-content\/uploads\/2008\/07\/ich_bins_online.pdf\" target=\"_blank\"><strong>Ich bin&#8217;s &#8211; die ersten 68 Jahre<\/strong><\/a>,\u00a0Autobiographie Rainer Langhans\u00a0als PDF-Datei<\/li>\n<li><strong><a href=\"http:\/\/rainerlanghans.de\/wp-content\/uploads\/2011\/06\/Lebenslauf_RL2011.pdf\" target=\"_blank\">Lebenslauf Rainer Langhans<\/a>, <\/strong>PDF-Datei<\/li>\n<li><strong><a href=\"http:\/\/rainerlanghans.de\/wp-content\/uploads\/2011\/06\/Tagebuecher_Briefe_RL.pdf\" target=\"_blank\">Tagebuecher &amp; Briefe Rainer Langhans<\/a>, <\/strong>PDF-Datei<\/li>\n<\/ul>\n<h3>Fotos &amp; Illustrationen<\/h3>\n<p><a href=\"http:\/\/rainerlanghans.de\/wp-content\/uploads\/2011\/06\/kommune1.jpg\"><img loading=\"lazy\" decoding=\"async\" class=\"size-medium wp-image-112 alignnone\" title=\"kommune\" src=\"http:\/\/rainerlanghans.de\/wp-content\/uploads\/2011\/06\/kommune1-300x211.jpg\" alt=\"\" width=\"300\" height=\"211\" srcset=\"http:\/\/rainerlanghans.de\/wp-content\/uploads\/2011\/06\/kommune1-300x211.jpg 300w, http:\/\/rainerlanghans.de\/wp-content\/uploads\/2011\/06\/kommune1.jpg 320w\" sizes=\"auto, (max-width: 300px) 85vw, 300px\" \/> <\/a><a href=\"http:\/\/rainerlanghans.de\/wp-content\/uploads\/2011\/06\/col_ok_scan_stern_003.jpg\"><img loading=\"lazy\" decoding=\"async\" class=\"size-medium wp-image-97 alignnone\" title=\"col_ok_scan_stern_003\" src=\"http:\/\/rainerlanghans.de\/wp-content\/uploads\/2011\/06\/col_ok_scan_stern_003-243x300.jpg\" alt=\"\" width=\"170\" height=\"210\" srcset=\"http:\/\/rainerlanghans.de\/wp-content\/uploads\/2011\/06\/col_ok_scan_stern_003-243x300.jpg 243w, http:\/\/rainerlanghans.de\/wp-content\/uploads\/2011\/06\/col_ok_scan_stern_003-831x1024.jpg 831w, http:\/\/rainerlanghans.de\/wp-content\/uploads\/2011\/06\/col_ok_scan_stern_003.jpg 1602w\" sizes=\"auto, (max-width: 170px) 85vw, 170px\" \/><\/a><a href=\"http:\/\/rainerlanghans.de\/wp-content\/uploads\/2011\/06\/RTL_3719-SW.jpg\"><img loading=\"lazy\" decoding=\"async\" class=\"size-medium wp-image-99\" title=\"RTL_3719 SW\" src=\"http:\/\/rainerlanghans.de\/wp-content\/uploads\/2011\/06\/RTL_3719-SW-300x199.jpg\" alt=\"\" width=\"300\" height=\"199\" srcset=\"http:\/\/rainerlanghans.de\/wp-content\/uploads\/2011\/06\/RTL_3719-SW-300x199.jpg 300w, http:\/\/rainerlanghans.de\/wp-content\/uploads\/2011\/06\/RTL_3719-SW-1024x682.jpg 1024w\" sizes=\"auto, (max-width: 300px) 85vw, 300px\" \/><\/a> <a href=\"http:\/\/rainerlanghans.de\/wp-content\/uploads\/2011\/06\/rainer_langhans_boehm.jpg\"><img loading=\"lazy\" decoding=\"async\" class=\"alignnone size-medium wp-image-92\" title=\"rainer_langhans_boehm\" src=\"http:\/\/rainerlanghans.de\/wp-content\/uploads\/2011\/06\/rainer_langhans_boehm-300x199.jpg\" alt=\"\" width=\"300\" height=\"199\" srcset=\"http:\/\/rainerlanghans.de\/wp-content\/uploads\/2011\/06\/rainer_langhans_boehm-300x199.jpg 300w, http:\/\/rainerlanghans.de\/wp-content\/uploads\/2011\/06\/rainer_langhans_boehm-1024x681.jpg 1024w\" sizes=\"auto, (max-width: 300px) 85vw, 300px\" \/><\/a><\/p>\n<p><a href=\"http:\/\/rainerlanghans.de\/wp-content\/uploads\/2011\/06\/image-171793-galleryV9-pwtg.jpg\"><img loading=\"lazy\" decoding=\"async\" class=\"alignleft size-medium wp-image-98\" title=\"Ich bin ein Star - Holt mich hier raus!\" src=\"http:\/\/rainerlanghans.de\/wp-content\/uploads\/2011\/06\/image-171793-galleryV9-pwtg-300x199.jpg\" alt=\"\" width=\"300\" height=\"199\" srcset=\"http:\/\/rainerlanghans.de\/wp-content\/uploads\/2011\/06\/image-171793-galleryV9-pwtg-300x199.jpg 300w, http:\/\/rainerlanghans.de\/wp-content\/uploads\/2011\/06\/image-171793-galleryV9-pwtg.jpg 850w\" sizes=\"auto, (max-width: 300px) 85vw, 300px\" \/><\/a><\/p>\n","protected":false},"excerpt":{"rendered":"<p>kostenlose Downloads f\u00fcr den privaten Gebrauch. Ver\u00f6ffentlichungen bed\u00fcrfen der schriftlichen Zustimmung von Rainer Langhans. Texte Ich bin&#8217;s &#8211; die ersten 68 Jahre,\u00a0Autobiographie Rainer Langhans\u00a0als PDF-Datei Lebenslauf Rainer Langhans, PDF-Datei Tagebuecher &amp; Briefe Rainer Langhans, PDF-Datei Fotos &amp; Illustrationen<\/p>\n","protected":false},"author":2,"featured_media":0,"parent":14,"menu_order":0,"comment_status":"open","ping_status":"open","template":"","meta":{"footnotes":""},"class_list":["post-50","page","type-page","status-publish","hentry"],"_links":{"self":[{"href":"http:\/\/rainerlanghans.de\/index.php?rest_route=\/wp\/v2\/pages\/50","targetHints":{"allow":["GET"]}}],"collection":[{"href":"http:\/\/rainerlanghans.de\/index.php?rest_route=\/wp\/v2\/pages"}],"about":[{"href":"http:\/\/rainerlanghans.de\/index.php?rest_route=\/wp\/v2\/types\/page"}],"author":[{"embeddable":true,"href":"http:\/\/rainerlanghans.de\/index.php?rest_route=\/wp\/v2\/users\/2"}],"replies":[{"embeddable":true,"href":"http:\/\/rainerlanghans.de\/index.php?rest_route=%2Fwp%2Fv2%2Fcomments&post=50"}],"version-history":[{"count":58,"href":"http:\/\/rainerlanghans.de\/index.php?rest_route=\/wp\/v2\/pages\/50\/revisions"}],"predecessor-version":[{"id":71,"href":"http:\/\/rainerlanghans.de\/index.php?rest_route=\/wp\/v2\/pages\/50\/revisions\/71"}],"up":[{"embeddable":true,"href":"http:\/\/rainerlanghans.de\/index.php?rest_route=\/wp\/v2\/pages\/14"}],"wp:attachment":[{"href":"http:\/\/rainerlanghans.de\/index.php?rest_route=%2Fwp%2Fv2%2Fmedia&parent=50"}],"curies":[{"name":"wp","href":"https:\/\/api.w.org\/{rel}","templated":true}]}}